{"id":25549,"date":"2023-11-20T20:42:51","date_gmt":"2023-11-20T19:42:51","guid":{"rendered":"https:\/\/microfinbolivia.com\/?page_id=25549"},"modified":"2023-12-26T21:59:39","modified_gmt":"2023-12-26T20:59:39","slug":"post-grado","status":"publish","type":"page","link":"https:\/\/microfinbolivia.com\/?page_id=25549","title":{"rendered":"Programas de Post Grado"},"content":{"rendered":"\t\t<div data-elementor-type=\"wp-page\" data-elementor-id=\"25549\" class=\"elementor elementor-25549\">\n\t\t\t\t<div class=\"elementor-element elementor-element-cf241a7 e-flex e-con-boxed e-con e-parent\" data-id=\"cf241a7\" data-element_type=\"container\" data-e-type=\"container\" data-settings=\"{&quot;background_background&quot;:&quot;classic&quot;}\">\n\t\t\t\t\t<div class=\"e-con-inner\">\n\t\t\t\t<div class=\"elementor-element elementor-element-28e141c elementor-widget-divider--view-line elementor-widget elementor-widget-divider\" data-id=\"28e141c\" data-element_type=\"widget\" data-e-type=\"widget\" data-widget_type=\"divider.default\">\n\t\t\t\t<div class=\"elementor-widget-container\">\n\t\t\t\t\t\t\t<div class=\"elementor-divider\">\n\t\t\t<span class=\"elementor-divider-separator\">\n\t\t\t\t\t\t<\/span>\n\t\t<\/div>\n\t\t\t\t\t\t<\/div>\n\t\t\t\t<\/div>\n\t\t\t\t\t<\/div>\n\t\t\t\t<\/div>\n\t\t<div class=\"elementor-element elementor-element-5a8b8f3 e-flex e-con-boxed e-con e-parent\" data-id=\"5a8b8f3\" data-element_type=\"container\" data-e-type=\"container\" data-settings=\"{&quot;background_background&quot;:&quot;classic&quot;}\">\n\t\t\t\t\t<div class=\"e-con-inner\">\n\t\t\t\t<div class=\"elementor-element elementor-element-cd84e98 elementor-widget elementor-widget-heading\" data-id=\"cd84e98\" data-element_type=\"widget\" data-e-type=\"widget\" data-widget_type=\"heading.default\">\n\t\t\t\t<div class=\"elementor-widget-container\">\n\t\t\t\t\t<h2 class=\"elementor-heading-title elementor-size-default\">Programas de Post Grado<\/h2>\t\t\t\t<\/div>\n\t\t\t\t<\/div>\n\t\t\t\t\t<\/div>\n\t\t\t\t<\/div>\n\t\t<div class=\"elementor-element elementor-element-b8dbb33 e-flex e-con-boxed e-con e-parent\" data-id=\"b8dbb33\" data-element_type=\"container\" data-e-type=\"container\" data-settings=\"{&quot;background_background&quot;:&quot;classic&quot;}\">\n\t\t\t\t\t<div class=\"e-con-inner\">\n\t\t\t\t<div class=\"elementor-element elementor-element-fdd2d87 elementor-widget elementor-widget-text-editor\" data-id=\"fdd2d87\" data-element_type=\"widget\" data-e-type=\"widget\" data-widget_type=\"text-editor.default\">\n\t\t\t\t<div class=\"elementor-widget-container\">\n\t\t\t\t\t\t\t\t\t<p>En Microfin, nos enorgullecemos contar con programas de postgrado, que estan dise\u00f1ado meticulosamente para impulsar la excelencia acad\u00e9mica y profesional en el din\u00e1mico mundo financiero.<\/p>\t\t\t\t\t\t\t\t<\/div>\n\t\t\t\t<\/div>\n\t\t\t\t\t<\/div>\n\t\t\t\t<\/div>\n\t\t<div class=\"elementor-element elementor-element-25a32db e-flex e-con-boxed e-con e-parent\" data-id=\"25a32db\" data-element_type=\"container\" data-e-type=\"container\">\n\t\t\t\t\t<div class=\"e-con-inner\">\n\t\t\t\t<div class=\"elementor-element elementor-element-0498780 elementor-widget elementor-widget-image\" data-id=\"0498780\" data-element_type=\"widget\" data-e-type=\"widget\" data-widget_type=\"image.default\">\n\t\t\t\t<div class=\"elementor-widget-container\">\n\t\t\t\t\t\t\t\t\t\t\t\t\t\t\t<img fetchpriority=\"high\" decoding=\"async\" width=\"1024\" height=\"500\" src=\"https:\/\/microfinbolivia.com\/wp-content\/uploads\/2023\/11\/Diseno-sin-titulo-33.png\" class=\"attachment-large size-large wp-image-25558\" alt=\"\" srcset=\"https:\/\/microfinbolivia.com\/wp-content\/uploads\/2023\/11\/Diseno-sin-titulo-33.png 1024w, https:\/\/microfinbolivia.com\/wp-content\/uploads\/2023\/11\/Diseno-sin-titulo-33-300x146.png 300w, https:\/\/microfinbolivia.com\/wp-content\/uploads\/2023\/11\/Diseno-sin-titulo-33-768x375.png 768w, https:\/\/microfinbolivia.com\/wp-content\/uploads\/2023\/11\/Diseno-sin-titulo-33-600x293.png 600w\" sizes=\"(max-width: 1024px) 100vw, 1024px\" \/>\t\t\t\t\t\t\t\t\t\t\t\t\t\t\t<\/div>\n\t\t\t\t<\/div>\n\t\t\t\t\t<\/div>\n\t\t\t\t<\/div>\n\t\t<div class=\"elementor-element elementor-element-9833a24 e-flex e-con-boxed e-con e-parent\" data-id=\"9833a24\" data-element_type=\"container\" data-e-type=\"container\" data-settings=\"{&quot;background_background&quot;:&quot;classic&quot;}\">\n\t\t\t\t\t<div class=\"e-con-inner\">\n\t\t\t\t<div class=\"elementor-element elementor-element-818a6c0 elementor-widget elementor-widget-text-editor\" data-id=\"818a6c0\" data-element_type=\"widget\" data-e-type=\"widget\" data-widget_type=\"text-editor.default\">\n\t\t\t\t<div class=\"elementor-widget-container\">\n\t\t\t\t\t\t\t\t\t<p><strong>Experiencia Acad\u00e9mica de Calidad:<\/strong> Nuestros programas se basa en un riguroso plan de estudios que combina la teor\u00eda con la pr\u00e1ctica, ofreciendo una experiencia acad\u00e9mica de vanguardia impartida por destacados profesionales y expertos en \u00e1reas espec\u00edficas.<\/p><p><strong>Enfoque Pr\u00e1ctico y Aplicado:<\/strong> Valoramos la aplicaci\u00f3n pr\u00e1ctica del conocimiento te\u00f3rico. Por eso, nuestro enfoque se centra en proporcionar habilidades y herramientas pr\u00e1cticas que permitan a nuestros estudiantes enfrentar desaf\u00edos reales del sector financiero, desde una perspectiva actualizada y relevante.<\/p><p><strong>M\u00f3dulos Especializados:<\/strong>\u00a0Nuestros programas abarca una amplia gama de temas especializados, incluyendo gesti\u00f3n de riesgos financieros, microcr\u00e9ditos, regulaci\u00f3n bancaria, inclusi\u00f3n financiera, tecnolog\u00eda financiera y mucho m\u00e1s. Estos m\u00f3dulos est\u00e1n dise\u00f1ados para brindar a nuestros estudiantes una comprensi\u00f3n integral y profunda del panorama financiero actual.<\/p><p><strong>Red de Contactos y Oportunidades Profesionales:<\/strong> Al unirse a Microfin, los estudiantes se integran en una red de profesionales y l\u00edderes de la industria. Facilitamos oportunidades de networking, pasant\u00edas y conexiones con empresas e instituciones financieras l\u00edderes, proporcionando a nuestros alumnos un camino s\u00f3lido hacia oportunidades profesionales en el campo.<\/p><p><strong>Apoyo Integral al Estudiante:<\/strong> Nos comprometemos a brindar un entorno de aprendizaje s\u00f3lido y de apoyo. Nuestro equipo acad\u00e9mico y administrativo est\u00e1 siempre disponible para orientar y apoyar a nuestros estudiantes en cada etapa de su viaje educativo.<\/p><p>Nuestros programas de Post Grado no solo ofrece conocimientos especializados de vanguardia, sino que tambi\u00e9n prepara a los estudiantes para liderar y marcar la diferencia en el emocionante mundo financiero del ma\u00f1ana.<\/p>\t\t\t\t\t\t\t\t<\/div>\n\t\t\t\t<\/div>\n\t\t\t\t<div class=\"elementor-element elementor-element-d93a7f2 elementor-align-center elementor-widget elementor-widget-button\" data-id=\"d93a7f2\" data-element_type=\"widget\" data-e-type=\"widget\" data-widget_type=\"button.default\">\n\t\t\t\t<div class=\"elementor-widget-container\">\n\t\t\t\t\t\t\t\t\t<div class=\"elementor-button-wrapper\">\n\t\t\t\t\t<a class=\"elementor-button elementor-button-link elementor-size-sm\" href=\"https:\/\/wa.link\/gpx55f\" target=\"_blank\">\n\t\t\t\t\t\t<span class=\"elementor-button-content-wrapper\">\n\t\t\t\t\t\t\t\t\t<span class=\"elementor-button-text\">Programas Disponibles<\/span>\n\t\t\t\t\t<\/span>\n\t\t\t\t\t<\/a>\n\t\t\t\t<\/div>\n\t\t\t\t\t\t\t\t<\/div>\n\t\t\t\t<\/div>\n\t\t\t\t\t<\/div>\n\t\t\t\t<\/div>\n\t\t\t\t<\/div>\n\t\t","protected":false},"excerpt":{"rendered":"<p>Programas de Post Grado En Microfin, nos enorgullecemos contar con programas de postgrado, que estan dise\u00f1ado meticulosamente para impulsar la excelencia acad\u00e9mica y profesional en el din\u00e1mico mundo financiero. Experiencia Acad\u00e9mica de Calidad: Nuestros programas se basa en un riguroso plan de estudios que combina la teor\u00eda con la pr\u00e1ctica, ofreciendo una experiencia acad\u00e9mica de [&hellip;]<\/p>\n","protected":false},"author":1,"featured_media":0,"parent":0,"menu_order":0,"comment_status":"closed","ping_status":"closed","template":"","meta":{"site-sidebar-layout":"no-sidebar","site-content-layout":"page-builder","ast-site-content-layout":"full-width-container","site-content-style":"default","site-sidebar-style":"default","ast-global-header-display":"","ast-banner-title-visibility":"","ast-main-header-display":"","ast-hfb-above-header-display":"","ast-hfb-below-header-display":"","ast-hfb-mobile-header-display":"","site-post-title":"disabled","ast-breadcrumbs-content":"","ast-featured-img":"disabled","footer-sml-layout":"","ast-disable-related-posts":"","theme-transparent-header-meta":"","adv-header-id-meta":"","stick-header-meta":"","header-above-stick-meta":"","header-main-stick-meta":"","header-below-stick-meta":"","astra-migrate-meta-layouts":"set","ast-page-background-enabled":"default","ast-page-background-meta":{"desktop":{"background-color":"","background-image":"","background-repeat":"repeat","background-position":"center center","background-size":"auto","background-attachment":"scroll","background-type":"","background-media":"","overlay-type":"","overlay-color":"","overlay-opacity":"","overlay-gradient":""},"tablet":{"background-color":"","background-image":"","background-repeat":"repeat","background-position":"center center","background-size":"auto","background-attachment":"scroll","background-type":"","background-media":"","overlay-type":"","overlay-color":"","overlay-opacity":"","overlay-gradient":""},"mobile":{"background-color":"","background-image":"","background-repeat":"repeat","background-position":"center center","background-size":"auto","background-attachment":"scroll","background-type":"","background-media":"","overlay-type":"","overlay-color":"","overlay-opacity":"","overlay-gradient":""}},"ast-content-background-meta":{"desktop":{"background-color":"var(--ast-global-color-5)","background-image":"","background-repeat":"repeat","background-position":"center center","background-size":"auto","background-attachment":"scroll","background-type":"","background-media":"","overlay-type":"","overlay-color":"","overlay-opacity":"","overlay-gradient":""},"tablet":{"background-color":"var(--ast-global-color-5)","background-image":"","background-repeat":"repeat","background-position":"center center","background-size":"auto","background-attachment":"scroll","background-type":"","background-media":"","overlay-type":"","overlay-color":"","overlay-opacity":"","overlay-gradient":""},"mobile":{"background-color":"var(--ast-global-color-5)","background-image":"","background-repeat":"repeat","background-position":"center center","background-size":"auto","background-attachment":"scroll","background-type":"","background-media":"","overlay-type":"","overlay-color":"","overlay-opacity":"","overlay-gradient":""}},"_joinchat":[],"footnotes":""},"class_list":["post-25549","page","type-page","status-publish","hentry"],"aioseo_notices":[],"_links":{"self":[{"href":"https:\/\/microfinbolivia.com\/index.php?rest_route=\/wp\/v2\/pages\/25549","targetHints":{"allow":["GET"]}}],"collection":[{"href":"https:\/\/microfinbolivia.com\/index.php?rest_route=\/wp\/v2\/pages"}],"about":[{"href":"https:\/\/microfinbolivia.com\/index.php?rest_route=\/wp\/v2\/types\/page"}],"author":[{"embeddable":true,"href":"https:\/\/microfinbolivia.com\/index.php?rest_route=\/wp\/v2\/users\/1"}],"replies":[{"embeddable":true,"href":"https:\/\/microfinbolivia.com\/index.php?rest_route=%2Fwp%2Fv2%2Fcomments&post=25549"}],"version-history":[{"count":14,"href":"https:\/\/microfinbolivia.com\/index.php?rest_route=\/wp\/v2\/pages\/25549\/revisions"}],"predecessor-version":[{"id":25737,"href":"https:\/\/microfinbolivia.com\/index.php?rest_route=\/wp\/v2\/pages\/25549\/revisions\/25737"}],"wp:attachment":[{"href":"https:\/\/microfinbolivia.com\/index.php?rest_route=%2Fwp%2Fv2%2Fmedia&parent=25549"}],"curies":[{"name":"wp","href":"https:\/\/api.w.org\/{rel}","templated":true}]}}